{"id":2194,"date":"2024-10-29T19:49:48","date_gmt":"2024-10-29T19:49:48","guid":{"rendered":"https:\/\/maisontassigny.com\/?page_id=2194"},"modified":"2024-12-03T19:22:12","modified_gmt":"2024-12-03T19:22:12","slug":"about","status":"publish","type":"page","link":"https:\/\/maisontassigny.com\/fr\/about\/","title":{"rendered":"A Propos"},"content":{"rendered":"<p><div class=\"fusion-fullwidth fullwidth-box fusion-builder-row-1 fusion-flex-container has-pattern-background has-mask-background fusion-parallax-fixed hundred-percent-fullwidth non-hundred-percent-height-scrolling lazyload\" style=\"--awb-background-blend-mode:overlay;--awb-border-radius-top-left:0px;--awb-border-radius-top-right:0px;--awb-border-radius-bottom-right:0px;--awb-border-radius-bottom-left:0px;--awb-padding-right:0px;--awb-padding-left:0px;--awb-min-height:700px;--awb-background-size:cover;--awb-flex-wrap:wrap;background-attachment:fixed;\" data-bg=\"https:\/\/maisontassigny.com\/wp-content\/uploads\/2024\/11\/Banner-About.jpg\" ><div class=\"fusion-builder-row fusion-row fusion-flex-align-items-center fusion-flex-justify-content-center fusion-flex-content-wrap\" style=\"width:104% !important;max-width:104% !important;margin-left: calc(-4% \/ 2 );margin-right: calc(-4% \/ 2 );\"><div class=\"fusion-layout-column fusion_builder_column fusion-builder-column-0 fusion_builder_column_1_1 1_1 fusion-flex-column\" style=\"--awb-bg-size:cover;--awb-width-large:100%;--awb-margin-top-large:0px;--awb-spacing-right-large:1.92%;--awb-margin-bottom-large:20px;--awb-spacing-left-large:1.92%;--awb-width-medium:100%;--awb-order-medium:0;--awb-spacing-right-medium:1.92%;--awb-spacing-left-medium:1.92%;--awb-width-small:100%;--awb-order-small:0;--awb-spacing-right-small:1.92%;--awb-spacing-left-small:1.92%;\"><div class=\"fusion-column-wrapper fusion-column-has-shadow fusion-flex-justify-content-flex-start fusion-content-layout-column\"><div class=\"fusion-image-element\" style=\"text-align:center;--awb-max-width:400px;--awb-caption-title-font-family:var(--h2_typography-font-family);--awb-caption-title-font-weight:var(--h2_typography-font-weight);--awb-caption-title-font-style:var(--h2_typography-font-style);--awb-caption-title-size:var(--h2_typography-font-size);--awb-caption-title-transform:var(--h2_typography-text-transform);--awb-caption-title-line-height:var(--h2_typography-line-height);--awb-caption-title-letter-spacing:var(--h2_typography-letter-spacing);\"><span class=\"fusion-imageframe imageframe-none imageframe-1 hover-type-none\"><img decoding=\"async\" width=\"928\" height=\"458\" title=\"logo MT blanco sobre transp\" src=\"data:image\/svg+xml,%3Csvg%20xmlns%3D%27http%3A%2F%2Fwww.w3.org%2F2000%2Fsvg%27%20width%3D%27928%27%20height%3D%27458%27%20viewBox%3D%270%200%20928%20458%27%3E%3Crect%20width%3D%27928%27%20height%3D%27458%27%20fill-opacity%3D%220%22%2F%3E%3C%2Fsvg%3E\" data-orig-src=\"https:\/\/maisontassigny.com\/wp-content\/uploads\/2024\/11\/logo-MT-blanco-sobre-transp.png\" alt class=\"lazyload img-responsive wp-image-2430\"\/><\/span><\/div><div class=\"fusion-title title fusion-title-1 fusion-sep-none fusion-title-center fusion-title-text fusion-title-size-two\" style=\"--awb-text-color:var(--awb-color1);\"><h2 class=\"fusion-title-heading title-heading-center\" style=\"margin:0;\">A Propos<\/h2><\/div><\/div><\/div><\/div><\/div><div class=\"fusion-fullwidth fullwidth-box fusion-builder-row-2 fusion-flex-container has-pattern-background has-mask-background nonhundred-percent-fullwidth non-hundred-percent-height-scrolling\" style=\"--awb-border-radius-top-left:0px;--awb-border-radius-top-right:0px;--awb-border-radius-bottom-right:0px;--awb-border-radius-bottom-left:0px;--awb-flex-wrap:wrap;\" ><div class=\"fusion-builder-row fusion-row fusion-flex-align-items-flex-start fusion-flex-content-wrap\" style=\"max-width:1123.2px;margin-left: calc(-4% \/ 2 );margin-right: calc(-4% \/ 2 );\"><div class=\"fusion-layout-column fusion_builder_column fusion-builder-column-1 fusion_builder_column_1_1 1_1 fusion-flex-column\" style=\"--awb-padding-top:88px;--awb-padding-bottom:40px;--awb-bg-size:cover;--awb-width-large:100%;--awb-margin-top-large:0px;--awb-spacing-right-large:1.92%;--awb-margin-bottom-large:0px;--awb-spacing-left-large:1.92%;--awb-width-medium:100%;--awb-order-medium:0;--awb-spacing-right-medium:1.92%;--awb-spacing-left-medium:1.92%;--awb-width-small:100%;--awb-order-small:0;--awb-spacing-right-small:1.92%;--awb-spacing-left-small:1.92%;\"><div class=\"fusion-column-wrapper fusion-column-has-shadow fusion-flex-justify-content-flex-start fusion-content-layout-column\"><div class=\"fusion-title title fusion-title-2 fusion-sep-none fusion-title-center fusion-title-text fusion-title-size-paragraph\"><p class=\"fusion-title-heading title-heading-center title-heading-tag\" style=\"margin:0;\">Maison Tassigny est n\u00e9e septembre 2021, inspir\u00e9e par l'amour profond de ses fondateurs pour l'hospitalit\u00e9 et la cr\u00e9ation d'exp\u00e9riences uniques. Situ\u00e9e au c\u0153ur de Meursault, dans la prestigieuse r\u00e9gion de Bourgogne, notre maison refl\u00e8te une passion pour l'accueil, le partage de moments privil\u00e9gi\u00e9s et la jouissance de tout ce que cette terre exceptionnelle a \u00e0 offrir. Entour\u00e9e de vignobles de renomm\u00e9e mondiale et d'une cuisine exquise, Maison Tassigny est un lieu o\u00f9 le luxe simple et honn\u00eate rencontre la richesse culturelle et culinaire de la r\u00e9gion.<\/p>\n<p>Le projet est port\u00e9 par la vision commune de Chelsey Henderson et Raphael Pusset. Chelsey, avec des ann\u00e9es d'exp\u00e9rience dans les mondes de l'art et du voyage de luxe combin\u00e9s, a travaill\u00e9 dans de prestigieuses maisons de vente aux ench\u00e8res, dans l'\u00e9dition et dans des programmes de voyages des mus\u00e9es, apportant une touche de raffinement et de culture \u00e0 chaque d\u00e9tail de Maison Tassigny. Raphael, apr\u00e8s une carri\u00e8re r\u00e9ussie dans la recherche scientifique, a d\u00e9cid\u00e9 de suivre sa passion pour le vin. Aujourd'hui, il est responsable de la conception des cartes des vins de certains des restaurants les plus branch\u00e9s de Paris.<\/p>\n<p>Ensemble, ils ont cr\u00e9\u00e9 un espace qui c\u00e9l\u00e8bre l'art de recevoir, avec une d\u00e9coration soign\u00e9e, authentique et chaleureuse. Chez Maison Tassigny, chaque d\u00e9tail est soigneusement pens\u00e9 pour offrir une exp\u00e9rience unique, o\u00f9 le luxe se retrouve dans la simplicit\u00e9 et l'excellence des produits que nous s\u00e9lectionnons. Notre objectif est que chaque visite soit un voyage empli de beaut\u00e9 et de confort.<\/p>\n<p>Nous vous invitons \u00e0 d\u00e9couvrir notre propri\u00e9t\u00e9 et \u00e0 vous immerger dans l'essence de la Maison Tassigny, o\u00f9 chaque s\u00e9jour est l'occasion de profiter d'une hospitalit\u00e9 authentique et d'un luxe simple.<\/p><\/div><\/div><\/div><\/div><\/div><\/p>","protected":false},"excerpt":{"rendered":"","protected":false},"author":3,"featured_media":2433,"parent":0,"menu_order":0,"comment_status":"closed","ping_status":"closed","template":"100-width.php","meta":{"_acf_changed":false,"footnotes":""},"class_list":["post-2194","page","type-page","status-publish","has-post-thumbnail","hentry"],"acf":[],"_links":{"self":[{"href":"https:\/\/maisontassigny.com\/fr\/wp-json\/wp\/v2\/pages\/2194","targetHints":{"allow":["GET"]}}],"collection":[{"href":"https:\/\/maisontassigny.com\/fr\/wp-json\/wp\/v2\/pages"}],"about":[{"href":"https:\/\/maisontassigny.com\/fr\/wp-json\/wp\/v2\/types\/page"}],"author":[{"embeddable":true,"href":"https:\/\/maisontassigny.com\/fr\/wp-json\/wp\/v2\/users\/3"}],"replies":[{"embeddable":true,"href":"https:\/\/maisontassigny.com\/fr\/wp-json\/wp\/v2\/comments?post=2194"}],"version-history":[{"count":0,"href":"https:\/\/maisontassigny.com\/fr\/wp-json\/wp\/v2\/pages\/2194\/revisions"}],"wp:featuredmedia":[{"embeddable":true,"href":"https:\/\/maisontassigny.com\/fr\/wp-json\/wp\/v2\/media\/2433"}],"wp:attachment":[{"href":"https:\/\/maisontassigny.com\/fr\/wp-json\/wp\/v2\/media?parent=2194"}],"curies":[{"name":"wp","href":"https:\/\/api.w.org\/{rel}","templated":true}]}}